{"id":876,"date":"2025-05-11T21:47:53","date_gmt":"2025-05-11T19:47:53","guid":{"rendered":"https:\/\/oliverbotet.really.ovh\/about\/"},"modified":"2025-06-19T10:02:57","modified_gmt":"2025-06-19T08:02:57","slug":"about","status":"publish","type":"page","link":"https:\/\/oliverbotet.really.ovh\/es\/about\/","title":{"rendered":"About"},"content":{"rendered":"<div class=\"wpb-content-wrapper\"><!DOCTYPE html PUBLIC \"-\/\/W3C\/\/DTD HTML 4.0 Transitional\/\/EN\" \"http:\/\/www.w3.org\/TR\/REC-html40\/loose.dtd\">\n<html><body><p>[vc_section][vc_row content_placement=&raquo;middle&raquo;][vc_column][vc_column_text]Somos un estudio de dise&ntilde;o multidisciplinar que trabaja en la intersecci&oacute;n entre arquitectura, interiorismo, mobiliario y objetos. Nuestro enfoque es sensible al contexto, impulsado por la investigaci&oacute;n, el uso consciente de los materiales y la atenci&oacute;n rigurosa al detalle.<\/p>\n<p>Creemos en la belleza que nace de la funcionalidad, en soluciones que combinan lo pr&aacute;ctico con lo emocional. Cada proyecto, sin importar su escala o uso, se aborda con precisi&oacute;n t&eacute;cnica y una intenci&oacute;n clara: crear espacios c&aacute;lidos, honestos y habitables.<\/p>\n<p>Nuestro portafolio abarca desde viviendas particulares hasta espacios naturales y de hospitalidad. Todos comparten un lenguaje com&uacute;n: dise&ntilde;o sensato, equilibrio mat&eacute;rico y una est&eacute;tica cercana.<br>\n[\/vc_column_text][\/vc_column][\/vc_row][\/vc_section]<\/p>\n<\/body><\/html>\n<\/div>","protected":false},"excerpt":{"rendered":"[vc_section][vc_row content_placement=&raquo;middle&raquo;][vc_column][vc_column_text]Somos un estudio de dise&ntilde;o multidisciplinar que trabaja en la intersecci&oacute;n entre arquitectura, interiorismo, mobiliario y objetos. Nuestro enfoque es sensible al contexto, impulsado por la investigaci&oacute;n, el uso consciente de los materiales y la atenci&oacute;n rigurosa al detalle. Creemos en la belleza que nace de la funcionalidad, en soluciones que combinan lo pr&aacute;ctico&#8230; <p><a class=\"view-article btn btn-secondary\" href=\"https:\/\/oliverbotet.really.ovh\/es\/about\/\" role=\"button\">Leer m\u00e1s <\/a><\/p>","protected":false},"author":1,"featured_media":805,"parent":0,"menu_order":0,"comment_status":"closed","ping_status":"closed","template":"","meta":{"inline_featured_image":false,"footnotes":""},"class_list":["post-876","page","type-page","status-publish","has-post-thumbnail","hentry"],"yoast_head":"<!-- This site is optimized with the Yoast SEO plugin v21.9.1 - https:\/\/yoast.com\/wordpress\/plugins\/seo\/ -->\n<title>About - oliverbotet<\/title>\n<meta name=\"description\" content=\"En el estudio realizamos desde viviendas particulares hasta espacios naturales y de restauraci\u00f3n con una est\u00e9tica pr\u00f3xima.\" \/>\n<meta name=\"robots\" content=\"noindex, follow, max-snippet:-1, max-image-preview:large, max-video-preview:-1\" \/>\n<meta property=\"og:locale\" content=\"es_ES\" \/>\n<meta property=\"og:type\" content=\"article\" \/>\n<meta property=\"og:title\" content=\"About - oliverbotet\" \/>\n<meta property=\"og:description\" content=\"En el estudio realizamos desde viviendas particulares hasta espacios naturales y de restauraci\u00f3n con una est\u00e9tica pr\u00f3xima.\" \/>\n<meta property=\"og:url\" content=\"https:\/\/oliverbotet.really.ovh\/es\/about\/\" \/>\n<meta property=\"og:site_name\" content=\"oliverbotet\" \/>\n<meta property=\"article:modified_time\" content=\"2025-06-19T08:02:57+00:00\" \/>\n<meta property=\"og:image\" content=\"https:\/\/oliverbotet.really.ovh\/wp-content\/uploads\/2025\/05\/oriol-botet-arquitectes-8m.webp\" \/>\n\t<meta property=\"og:image:width\" content=\"768\" \/>\n\t<meta property=\"og:image:height\" content=\"964\" \/>\n\t<meta property=\"og:image:type\" content=\"image\/webp\" \/>\n<meta name=\"twitter:card\" content=\"summary_large_image\" \/>\n<meta name=\"twitter:label1\" content=\"Tiempo de lectura\" \/>\n\t<meta name=\"twitter:data1\" content=\"1 minuto\" \/>\n<script type=\"application\/ld+json\" class=\"yoast-schema-graph\">{\"@context\":\"https:\/\/schema.org\",\"@graph\":[{\"@type\":\"WebPage\",\"@id\":\"https:\/\/oliverbotet.really.ovh\/es\/about\/\",\"url\":\"https:\/\/oliverbotet.really.ovh\/es\/about\/\",\"name\":\"About - oliverbotet\",\"isPartOf\":{\"@id\":\"\/#website\"},\"datePublished\":\"2025-05-11T19:47:53+00:00\",\"dateModified\":\"2025-06-19T08:02:57+00:00\",\"description\":\"En el estudio realizamos desde viviendas particulares hasta espacios naturales y de restauraci\u00f3n con una est\u00e9tica pr\u00f3xima.\",\"breadcrumb\":{\"@id\":\"https:\/\/oliverbotet.really.ovh\/es\/about\/#breadcrumb\"},\"inLanguage\":\"es\",\"potentialAction\":[{\"@type\":\"ReadAction\",\"target\":[\"https:\/\/oliverbotet.really.ovh\/es\/about\/\"]}]},{\"@type\":\"BreadcrumbList\",\"@id\":\"https:\/\/oliverbotet.really.ovh\/es\/about\/#breadcrumb\",\"itemListElement\":[{\"@type\":\"ListItem\",\"position\":1,\"name\":\"Home\",\"item\":\"https:\/\/oliverbotet.really.ovh\/es\/inicio\/\"},{\"@type\":\"ListItem\",\"position\":2,\"name\":\"About\"}]},{\"@type\":\"WebSite\",\"@id\":\"\/#website\",\"url\":\"\/\",\"name\":\"oliverbotet\",\"description\":\"\",\"potentialAction\":[{\"@type\":\"SearchAction\",\"target\":{\"@type\":\"EntryPoint\",\"urlTemplate\":\"\/?s={search_term_string}\"},\"query-input\":\"required name=search_term_string\"}],\"inLanguage\":\"es\"}]}<\/script>\n<!-- \/ Yoast SEO plugin. -->","yoast_head_json":{"title":"About - oliverbotet","description":"En el estudio realizamos desde viviendas particulares hasta espacios naturales y de restauraci\u00f3n con una est\u00e9tica pr\u00f3xima.","robots":{"index":"noindex","follow":"follow","max-snippet":"max-snippet:-1","max-image-preview":"max-image-preview:large","max-video-preview":"max-video-preview:-1"},"og_locale":"es_ES","og_type":"article","og_title":"About - oliverbotet","og_description":"En el estudio realizamos desde viviendas particulares hasta espacios naturales y de restauraci\u00f3n con una est\u00e9tica pr\u00f3xima.","og_url":"https:\/\/oliverbotet.really.ovh\/es\/about\/","og_site_name":"oliverbotet","article_modified_time":"2025-06-19T08:02:57+00:00","og_image":[{"width":768,"height":964,"url":"https:\/\/oliverbotet.really.ovh\/wp-content\/uploads\/2025\/05\/oriol-botet-arquitectes-8m.webp","type":"image\/webp"}],"twitter_card":"summary_large_image","twitter_misc":{"Tiempo de lectura":"1 minuto"},"schema":{"@context":"https:\/\/schema.org","@graph":[{"@type":"WebPage","@id":"https:\/\/oliverbotet.really.ovh\/es\/about\/","url":"https:\/\/oliverbotet.really.ovh\/es\/about\/","name":"About - oliverbotet","isPartOf":{"@id":"\/#website"},"datePublished":"2025-05-11T19:47:53+00:00","dateModified":"2025-06-19T08:02:57+00:00","description":"En el estudio realizamos desde viviendas particulares hasta espacios naturales y de restauraci\u00f3n con una est\u00e9tica pr\u00f3xima.","breadcrumb":{"@id":"https:\/\/oliverbotet.really.ovh\/es\/about\/#breadcrumb"},"inLanguage":"es","potentialAction":[{"@type":"ReadAction","target":["https:\/\/oliverbotet.really.ovh\/es\/about\/"]}]},{"@type":"BreadcrumbList","@id":"https:\/\/oliverbotet.really.ovh\/es\/about\/#breadcrumb","itemListElement":[{"@type":"ListItem","position":1,"name":"Home","item":"https:\/\/oliverbotet.really.ovh\/es\/inicio\/"},{"@type":"ListItem","position":2,"name":"About"}]},{"@type":"WebSite","@id":"\/#website","url":"\/","name":"oliverbotet","description":"","potentialAction":[{"@type":"SearchAction","target":{"@type":"EntryPoint","urlTemplate":"\/?s={search_term_string}"},"query-input":"required name=search_term_string"}],"inLanguage":"es"}]}},"_links":{"self":[{"href":"https:\/\/oliverbotet.really.ovh\/es\/wp-json\/wp\/v2\/pages\/876","targetHints":{"allow":["GET"]}}],"collection":[{"href":"https:\/\/oliverbotet.really.ovh\/es\/wp-json\/wp\/v2\/pages"}],"about":[{"href":"https:\/\/oliverbotet.really.ovh\/es\/wp-json\/wp\/v2\/types\/page"}],"author":[{"embeddable":true,"href":"https:\/\/oliverbotet.really.ovh\/es\/wp-json\/wp\/v2\/users\/1"}],"replies":[{"embeddable":true,"href":"https:\/\/oliverbotet.really.ovh\/es\/wp-json\/wp\/v2\/comments?post=876"}],"version-history":[{"count":4,"href":"https:\/\/oliverbotet.really.ovh\/es\/wp-json\/wp\/v2\/pages\/876\/revisions"}],"predecessor-version":[{"id":977,"href":"https:\/\/oliverbotet.really.ovh\/es\/wp-json\/wp\/v2\/pages\/876\/revisions\/977"}],"wp:featuredmedia":[{"embeddable":true,"href":"https:\/\/oliverbotet.really.ovh\/es\/wp-json\/wp\/v2\/media\/805"}],"wp:attachment":[{"href":"https:\/\/oliverbotet.really.ovh\/es\/wp-json\/wp\/v2\/media?parent=876"}],"curies":[{"name":"wp","href":"https:\/\/api.w.org\/{rel}","templated":true}]}}